{"id":13,"date":"2024-09-07T22:47:25","date_gmt":"2024-09-07T20:47:25","guid":{"rendered":"https:\/\/infozakon.cz\/?page_id=13"},"modified":"2025-07-27T15:33:32","modified_gmt":"2025-07-27T13:33:32","slug":"elementor-13","status":"publish","type":"page","link":"https:\/\/infozakon.cz\/","title":{"rendered":"Na\u0161e motto: pr\u00e1vo na informace je pr\u00e1vem ka\u017ed\u00e9ho z n\u00e1s"},"content":{"rendered":"\t\t<div data-elementor-type=\"wp-post\" data-elementor-id=\"13\" class=\"elementor elementor-13\">\n\t\t\t\t<div class=\"elementor-element elementor-element-171a9de0 e-con-full e-flex e-con e-parent\" data-id=\"171a9de0\" data-element_type=\"container\" data-e-type=\"container\">\n\t\t<div class=\"elementor-element elementor-element-e67fda2 e-con-full e-flex e-con e-child\" data-id=\"e67fda2\" data-element_type=\"container\" data-e-type=\"container\">\n\t\t<div class=\"elementor-element elementor-element-1f310e77 e-con-full e-flex e-con e-child\" data-id=\"1f310e77\" data-element_type=\"container\" data-e-type=\"container\">\n\t\t\t\t<div class=\"elementor-element elementor-element-246b1643 elementor-widget elementor-widget-image\" data-id=\"246b1643\" data-element_type=\"widget\" data-e-type=\"widget\" data-widget_type=\"image.default\">\n\t\t\t\t<div class=\"elementor-widget-container\">\n\t\t\t\t\t\t\t\t\t\t\t\t\t\t\t<img fetchpriority=\"high\" decoding=\"async\" width=\"1024\" height=\"1024\" src=\"https:\/\/infozakon.cz\/wp-content\/uploads\/2024\/12\/7b3fd29b-d162-4dfc-8158-dc72efad3a04.jpg\" class=\"attachment-large size-large wp-image-54\" alt=\"\" srcset=\"https:\/\/infozakon.cz\/wp-content\/uploads\/2024\/12\/7b3fd29b-d162-4dfc-8158-dc72efad3a04.jpg 1024w, https:\/\/infozakon.cz\/wp-content\/uploads\/2024\/12\/7b3fd29b-d162-4dfc-8158-dc72efad3a04-300x300.jpg 300w, https:\/\/infozakon.cz\/wp-content\/uploads\/2024\/12\/7b3fd29b-d162-4dfc-8158-dc72efad3a04-150x150.jpg 150w, https:\/\/infozakon.cz\/wp-content\/uploads\/2024\/12\/7b3fd29b-d162-4dfc-8158-dc72efad3a04-768x768.jpg 768w\" sizes=\"(max-width: 1024px) 100vw, 1024px\" \/>\t\t\t\t\t\t\t\t\t\t\t\t\t\t\t<\/div>\n\t\t\t\t<\/div>\n\t\t\t\t<div class=\"elementor-element elementor-element-5e5099fe elementor-widget elementor-widget-image\" data-id=\"5e5099fe\" data-element_type=\"widget\" data-e-type=\"widget\" data-widget_type=\"image.default\">\n\t\t\t\t<div class=\"elementor-widget-container\">\n\t\t\t\t\t\t\t\t\t\t\t\t\t\t\t<img decoding=\"async\" width=\"1024\" height=\"1024\" src=\"https:\/\/infozakon.cz\/wp-content\/uploads\/2024\/12\/accf8f60-eb32-4946-82fa-c1a9b5aa81a7.jpg\" class=\"attachment-large size-large wp-image-51\" alt=\"\" srcset=\"https:\/\/infozakon.cz\/wp-content\/uploads\/2024\/12\/accf8f60-eb32-4946-82fa-c1a9b5aa81a7.jpg 1024w, https:\/\/infozakon.cz\/wp-content\/uploads\/2024\/12\/accf8f60-eb32-4946-82fa-c1a9b5aa81a7-300x300.jpg 300w, https:\/\/infozakon.cz\/wp-content\/uploads\/2024\/12\/accf8f60-eb32-4946-82fa-c1a9b5aa81a7-150x150.jpg 150w, https:\/\/infozakon.cz\/wp-content\/uploads\/2024\/12\/accf8f60-eb32-4946-82fa-c1a9b5aa81a7-768x768.jpg 768w\" sizes=\"(max-width: 1024px) 100vw, 1024px\" \/>\t\t\t\t\t\t\t\t\t\t\t\t\t\t\t<\/div>\n\t\t\t\t<\/div>\n\t\t\t\t<\/div>\n\t\t<div class=\"elementor-element elementor-element-4509a68a e-con-full e-flex e-con e-child\" data-id=\"4509a68a\" data-element_type=\"container\" data-e-type=\"container\">\n\t\t\t\t<div class=\"elementor-element elementor-element-6d01a9a4 elementor-widget elementor-widget-image\" data-id=\"6d01a9a4\" data-element_type=\"widget\" data-e-type=\"widget\" data-widget_type=\"image.default\">\n\t\t\t\t<div class=\"elementor-widget-container\">\n\t\t\t\t\t\t\t\t\t\t\t\t\t\t\t<img decoding=\"async\" width=\"1024\" height=\"1024\" src=\"https:\/\/infozakon.cz\/wp-content\/uploads\/2024\/12\/2053e3b3-ff37-46b3-a8ac-a0e2d1b03934.jpg\" class=\"attachment-large size-large wp-image-52\" alt=\"\" srcset=\"https:\/\/infozakon.cz\/wp-content\/uploads\/2024\/12\/2053e3b3-ff37-46b3-a8ac-a0e2d1b03934.jpg 1024w, https:\/\/infozakon.cz\/wp-content\/uploads\/2024\/12\/2053e3b3-ff37-46b3-a8ac-a0e2d1b03934-300x300.jpg 300w, https:\/\/infozakon.cz\/wp-content\/uploads\/2024\/12\/2053e3b3-ff37-46b3-a8ac-a0e2d1b03934-150x150.jpg 150w, https:\/\/infozakon.cz\/wp-content\/uploads\/2024\/12\/2053e3b3-ff37-46b3-a8ac-a0e2d1b03934-768x768.jpg 768w\" sizes=\"(max-width: 1024px) 100vw, 1024px\" \/>\t\t\t\t\t\t\t\t\t\t\t\t\t\t\t<\/div>\n\t\t\t\t<\/div>\n\t\t\t\t<div class=\"elementor-element elementor-element-cad25fb elementor-widget elementor-widget-image\" data-id=\"cad25fb\" data-element_type=\"widget\" data-e-type=\"widget\" data-widget_type=\"image.default\">\n\t\t\t\t<div class=\"elementor-widget-container\">\n\t\t\t\t\t\t\t\t\t\t\t\t\t\t\t<img loading=\"lazy\" decoding=\"async\" width=\"1024\" height=\"1024\" src=\"https:\/\/infozakon.cz\/wp-content\/uploads\/2024\/12\/5f8c138f-3418-46f7-9387-eb8ddf1a505d.jpg\" class=\"attachment-large size-large wp-image-53\" alt=\"\" srcset=\"https:\/\/infozakon.cz\/wp-content\/uploads\/2024\/12\/5f8c138f-3418-46f7-9387-eb8ddf1a505d.jpg 1024w, https:\/\/infozakon.cz\/wp-content\/uploads\/2024\/12\/5f8c138f-3418-46f7-9387-eb8ddf1a505d-300x300.jpg 300w, https:\/\/infozakon.cz\/wp-content\/uploads\/2024\/12\/5f8c138f-3418-46f7-9387-eb8ddf1a505d-150x150.jpg 150w, https:\/\/infozakon.cz\/wp-content\/uploads\/2024\/12\/5f8c138f-3418-46f7-9387-eb8ddf1a505d-768x768.jpg 768w\" sizes=\"(max-width: 1024px) 100vw, 1024px\" \/>\t\t\t\t\t\t\t\t\t\t\t\t\t\t\t<\/div>\n\t\t\t\t<\/div>\n\t\t\t\t<\/div>\n\t\t\t\t<\/div>\n\t\t<div class=\"elementor-element elementor-element-206fd031 e-flex e-con-boxed e-con e-child\" data-id=\"206fd031\" data-element_type=\"container\" data-e-type=\"container\">\n\t\t\t\t\t<div class=\"e-con-inner\">\n\t\t\t\t<div class=\"elementor-element elementor-element-5132a98f elementor-widget elementor-widget-text-editor\" data-id=\"5132a98f\" data-element_type=\"widget\" data-e-type=\"widget\" data-widget_type=\"text-editor.default\">\n\t\t\t\t<div class=\"elementor-widget-container\">\n\t\t\t\t\t\t\t\t\t<p>Na\u0161e praxe v oblasti pr\u00e1va na informace a pr\u00e1vn\u00ed vzd\u011bl\u00e1n\u00ed je z\u00e1rukou, \u017ee lze nal\u00e9zt\u00a0 \u0159e\u0161en\u00ed\u00a0 pro ka\u017ed\u00e9ho \u017eadatele o informace v re\u017eimu z\u00e1kona \u010d. 106\/1999\u00a0 Sb. Praxe vypl\u00fdvaj\u00edc\u00ed ze zastupov\u00e1n\u00ed v soudn\u00edch sporech v oblasti pr\u00e1va na informace\u00a0 a v t\u00e9to n\u00e1vaznosti i v soudn\u00edch \u0159\u00edzen\u00edch o nemajetkovou \u00fajmu, n\u00e1m\u00a0 rovn\u011b\u017e\u00a0 umo\u017e\u0148uje podat pomocnou ruku povinn\u00fdm subjekt\u016fm, nebo \u017eadatel\u016fm o informace.<\/p>\t\t\t\t\t\t\t\t<\/div>\n\t\t\t\t<\/div>\n\t\t\t\t\t<\/div>\n\t\t\t\t<\/div>\n\t\t\t\t<\/div>\n\t\t<div class=\"elementor-element elementor-element-74ff3ae8 e-con-full e-flex e-con e-parent\" data-id=\"74ff3ae8\" data-element_type=\"container\" data-e-type=\"container\" id=\"next\">\n\t\t\t\t<div class=\"elementor-element elementor-element-7e608b50 elementor-widget elementor-widget-heading\" data-id=\"7e608b50\" data-element_type=\"widget\" data-e-type=\"widget\" data-widget_type=\"heading.default\">\n\t\t\t\t<div class=\"elementor-widget-container\">\n\t\t\t\t\t<h3 class=\"elementor-heading-title elementor-size-default\">Na\u0161e slu\u017eby<\/h3>\t\t\t\t<\/div>\n\t\t\t\t<\/div>\n\t\t\t\t<div class=\"elementor-element elementor-element-211c5538 elementor-widget elementor-widget-heading\" data-id=\"211c5538\" data-element_type=\"widget\" data-e-type=\"widget\" data-widget_type=\"heading.default\">\n\t\t\t\t<div class=\"elementor-widget-container\">\n\t\t\t\t\t<p class=\"elementor-heading-title elementor-size-default\">Jako\u017eto pr\u00e1vn\u00edci jsme v\u017edy na stran\u011b pr\u00e1va a proto pom\u00e1h\u00e1me jak \u017eadatel\u016fm o informace, tak povinn\u00fdm subjekt\u016fm.\u00a0<\/p>\t\t\t\t<\/div>\n\t\t\t\t<\/div>\n\t\t<div class=\"elementor-element elementor-element-1c540a4b e-con-full e-flex e-con e-child\" data-id=\"1c540a4b\" data-element_type=\"container\" data-e-type=\"container\">\n\t\t<div class=\"elementor-element elementor-element-fede7c2 e-con-full e-flex e-con e-child\" data-id=\"fede7c2\" data-element_type=\"container\" data-e-type=\"container\">\n\t\t\t\t<div class=\"elementor-element elementor-element-685687c8 elementor-position-top elementor-widget elementor-widget-image-box\" data-id=\"685687c8\" data-element_type=\"widget\" data-e-type=\"widget\" data-widget_type=\"image-box.default\">\n\t\t\t\t<div class=\"elementor-widget-container\">\n\t\t\t\t\t<div class=\"elementor-image-box-wrapper\"><figure class=\"elementor-image-box-img\"><a href=\"#\" tabindex=\"-1\"><img loading=\"lazy\" decoding=\"async\" width=\"300\" height=\"300\" src=\"https:\/\/infozakon.cz\/wp-content\/uploads\/2024\/12\/Cerna-na-bile-300x300.png\" class=\"elementor-animation-grow attachment-medium size-medium wp-image-33\" alt=\"\" srcset=\"https:\/\/infozakon.cz\/wp-content\/uploads\/2024\/12\/Cerna-na-bile-300x300.png 300w, https:\/\/infozakon.cz\/wp-content\/uploads\/2024\/12\/Cerna-na-bile-1024x1024.png 1024w, https:\/\/infozakon.cz\/wp-content\/uploads\/2024\/12\/Cerna-na-bile-150x150.png 150w, https:\/\/infozakon.cz\/wp-content\/uploads\/2024\/12\/Cerna-na-bile-768x768.png 768w, https:\/\/infozakon.cz\/wp-content\/uploads\/2024\/12\/Cerna-na-bile-1536x1536.png 1536w, https:\/\/infozakon.cz\/wp-content\/uploads\/2024\/12\/Cerna-na-bile-2048x2048.png 2048w\" sizes=\"(max-width: 300px) 100vw, 300px\" \/><\/a><\/figure><div class=\"elementor-image-box-content\"><h4 class=\"elementor-image-box-title\"><a href=\"#\">Sepsat \u017e\u00e1dost o informace<\/a><\/h4><\/div><\/div>\t\t\t\t<\/div>\n\t\t\t\t<\/div>\n\t\t\t\t<\/div>\n\t\t<div class=\"elementor-element elementor-element-23762b87 e-con-full e-flex e-con e-child\" data-id=\"23762b87\" data-element_type=\"container\" data-e-type=\"container\">\n\t\t\t\t<div class=\"elementor-element elementor-element-25c4fd52 elementor-position-top elementor-widget elementor-widget-image-box\" data-id=\"25c4fd52\" data-element_type=\"widget\" data-e-type=\"widget\" data-widget_type=\"image-box.default\">\n\t\t\t\t<div class=\"elementor-widget-container\">\n\t\t\t\t\t<div class=\"elementor-image-box-wrapper\"><figure class=\"elementor-image-box-img\"><a href=\"#\" tabindex=\"-1\"><img loading=\"lazy\" decoding=\"async\" width=\"300\" height=\"300\" src=\"https:\/\/infozakon.cz\/wp-content\/uploads\/2024\/12\/Cerna-na-bile-300x300.png\" class=\"elementor-animation-grow attachment-medium size-medium wp-image-33\" alt=\"\" srcset=\"https:\/\/infozakon.cz\/wp-content\/uploads\/2024\/12\/Cerna-na-bile-300x300.png 300w, https:\/\/infozakon.cz\/wp-content\/uploads\/2024\/12\/Cerna-na-bile-1024x1024.png 1024w, https:\/\/infozakon.cz\/wp-content\/uploads\/2024\/12\/Cerna-na-bile-150x150.png 150w, https:\/\/infozakon.cz\/wp-content\/uploads\/2024\/12\/Cerna-na-bile-768x768.png 768w, https:\/\/infozakon.cz\/wp-content\/uploads\/2024\/12\/Cerna-na-bile-1536x1536.png 1536w, https:\/\/infozakon.cz\/wp-content\/uploads\/2024\/12\/Cerna-na-bile-2048x2048.png 2048w\" sizes=\"(max-width: 300px) 100vw, 300px\" \/><\/a><\/figure><div class=\"elementor-image-box-content\"><h4 class=\"elementor-image-box-title\"><a href=\"#\">Sepsat st\u00ed\u017enost na postup ve vy\u0159izov\u00e1n\u00ed \u017e\u00e1dosti<\/a><\/h4><\/div><\/div>\t\t\t\t<\/div>\n\t\t\t\t<\/div>\n\t\t\t\t<\/div>\n\t\t<div class=\"elementor-element elementor-element-6b5e121 e-con-full e-flex e-con e-child\" data-id=\"6b5e121\" data-element_type=\"container\" data-e-type=\"container\">\n\t\t\t\t<div class=\"elementor-element elementor-element-352e9880 elementor-position-top elementor-widget elementor-widget-image-box\" data-id=\"352e9880\" data-element_type=\"widget\" data-e-type=\"widget\" data-widget_type=\"image-box.default\">\n\t\t\t\t<div class=\"elementor-widget-container\">\n\t\t\t\t\t<div class=\"elementor-image-box-wrapper\"><figure class=\"elementor-image-box-img\"><a href=\"#\" tabindex=\"-1\"><img loading=\"lazy\" decoding=\"async\" width=\"300\" height=\"300\" src=\"https:\/\/infozakon.cz\/wp-content\/uploads\/2024\/12\/Cerna-na-bile-300x300.png\" class=\"elementor-animation-grow attachment-medium size-medium wp-image-33\" alt=\"\" srcset=\"https:\/\/infozakon.cz\/wp-content\/uploads\/2024\/12\/Cerna-na-bile-300x300.png 300w, https:\/\/infozakon.cz\/wp-content\/uploads\/2024\/12\/Cerna-na-bile-1024x1024.png 1024w, https:\/\/infozakon.cz\/wp-content\/uploads\/2024\/12\/Cerna-na-bile-150x150.png 150w, https:\/\/infozakon.cz\/wp-content\/uploads\/2024\/12\/Cerna-na-bile-768x768.png 768w, https:\/\/infozakon.cz\/wp-content\/uploads\/2024\/12\/Cerna-na-bile-1536x1536.png 1536w, https:\/\/infozakon.cz\/wp-content\/uploads\/2024\/12\/Cerna-na-bile-2048x2048.png 2048w\" sizes=\"(max-width: 300px) 100vw, 300px\" \/><\/a><\/figure><div class=\"elementor-image-box-content\"><h4 class=\"elementor-image-box-title\"><a href=\"#\">Sepsat odvol\u00e1n\u00ed proti rozhodnut\u00ed o odm\u00edtnut\u00ed \u017e\u00e1dosti<\/a><\/h4><\/div><\/div>\t\t\t\t<\/div>\n\t\t\t\t<\/div>\n\t\t\t\t<\/div>\n\t\t<div class=\"elementor-element elementor-element-10221749 e-con-full e-flex e-con e-child\" data-id=\"10221749\" data-element_type=\"container\" data-e-type=\"container\">\n\t\t\t\t<div class=\"elementor-element elementor-element-1bda06e2 elementor-position-top elementor-widget elementor-widget-image-box\" data-id=\"1bda06e2\" data-element_type=\"widget\" data-e-type=\"widget\" data-widget_type=\"image-box.default\">\n\t\t\t\t<div class=\"elementor-widget-container\">\n\t\t\t\t\t<div class=\"elementor-image-box-wrapper\"><figure class=\"elementor-image-box-img\"><a href=\"#\" tabindex=\"-1\"><img loading=\"lazy\" decoding=\"async\" width=\"300\" height=\"300\" src=\"https:\/\/infozakon.cz\/wp-content\/uploads\/2024\/12\/Cerna-na-bile-300x300.png\" class=\"elementor-animation-grow attachment-medium size-medium wp-image-33\" alt=\"\" srcset=\"https:\/\/infozakon.cz\/wp-content\/uploads\/2024\/12\/Cerna-na-bile-300x300.png 300w, https:\/\/infozakon.cz\/wp-content\/uploads\/2024\/12\/Cerna-na-bile-1024x1024.png 1024w, https:\/\/infozakon.cz\/wp-content\/uploads\/2024\/12\/Cerna-na-bile-150x150.png 150w, https:\/\/infozakon.cz\/wp-content\/uploads\/2024\/12\/Cerna-na-bile-768x768.png 768w, https:\/\/infozakon.cz\/wp-content\/uploads\/2024\/12\/Cerna-na-bile-1536x1536.png 1536w, https:\/\/infozakon.cz\/wp-content\/uploads\/2024\/12\/Cerna-na-bile-2048x2048.png 2048w\" sizes=\"(max-width: 300px) 100vw, 300px\" \/><\/a><\/figure><div class=\"elementor-image-box-content\"><h4 class=\"elementor-image-box-title\"><a href=\"#\">Pomoc povinn\u00fdm subjekt\u016fm<\/a><\/h4><\/div><\/div>\t\t\t\t<\/div>\n\t\t\t\t<\/div>\n\t\t\t\t<\/div>\n\t\t\t\t<\/div>\n\t\t\t\t<\/div>\n\t\t<div class=\"elementor-element elementor-element-27f7789 e-flex e-con-boxed e-con e-parent\" data-id=\"27f7789\" data-element_type=\"container\" data-e-type=\"container\">\n\t\t\t\t\t<div class=\"e-con-inner\">\n\t\t\t\t<div class=\"elementor-element elementor-element-45b0129 elementor-widget elementor-widget-heading\" data-id=\"45b0129\" data-element_type=\"widget\" data-e-type=\"widget\" data-widget_type=\"heading.default\">\n\t\t\t\t<div class=\"elementor-widget-container\">\n\t\t\t\t\t<h2 class=\"elementor-heading-title elementor-size-default\">Nev\u00e1hejte n\u00e1s kontaktovat <\/h2>\t\t\t\t<\/div>\n\t\t\t\t<\/div>\n\t\t\t\t\t<\/div>\n\t\t\t\t<\/div>\n\t\t<div class=\"elementor-element elementor-element-ed5b5a3 e-flex e-con-boxed e-con e-parent\" data-id=\"ed5b5a3\" data-element_type=\"container\" data-e-type=\"container\">\n\t\t\t\t\t<div class=\"e-con-inner\">\n\t\t\t\t<div class=\"elementor-element elementor-element-2764e0a elementor-widget elementor-widget-wpforms\" data-id=\"2764e0a\" data-element_type=\"widget\" data-e-type=\"widget\" data-widget_type=\"wpforms.default\">\n\t\t\t\t<div class=\"elementor-widget-container\">\n\t\t\t\t\t<style id=\"wpforms-css-vars-root\">\n\t\t\t\t:root {\n\t\t\t\t\t--wpforms-field-border-radius: 3px;\n--wpforms-field-border-style: solid;\n--wpforms-field-border-size: 1px;\n--wpforms-field-background-color: #ffffff;\n--wpforms-field-border-color: rgba( 0, 0, 0, 0.25 );\n--wpforms-field-border-color-spare: rgba( 0, 0, 0, 0.25 );\n--wpforms-field-text-color: rgba( 0, 0, 0, 0.7 );\n--wpforms-field-menu-color: #ffffff;\n--wpforms-label-color: rgba( 0, 0, 0, 0.85 );\n--wpforms-label-sublabel-color: rgba( 0, 0, 0, 0.55 );\n--wpforms-label-error-color: #d63637;\n--wpforms-button-border-radius: 3px;\n--wpforms-button-border-style: none;\n--wpforms-button-border-size: 1px;\n--wpforms-button-background-color: #066aab;\n--wpforms-button-border-color: #066aab;\n--wpforms-button-text-color: #ffffff;\n--wpforms-page-break-color: #066aab;\n--wpforms-background-image: none;\n--wpforms-background-position: center center;\n--wpforms-background-repeat: no-repeat;\n--wpforms-background-size: cover;\n--wpforms-background-width: 100px;\n--wpforms-background-height: 100px;\n--wpforms-background-color: rgba( 0, 0, 0, 0 );\n--wpforms-background-url: none;\n--wpforms-container-padding: 0px;\n--wpforms-container-border-style: none;\n--wpforms-container-border-width: 1px;\n--wpforms-container-border-color: #000000;\n--wpforms-container-border-radius: 3px;\n--wpforms-field-size-input-height: 43px;\n--wpforms-field-size-input-spacing: 15px;\n--wpforms-field-size-font-size: 16px;\n--wpforms-field-size-line-height: 19px;\n--wpforms-field-size-padding-h: 14px;\n--wpforms-field-size-checkbox-size: 16px;\n--wpforms-field-size-sublabel-spacing: 5px;\n--wpforms-field-size-icon-size: 1;\n--wpforms-label-size-font-size: 16px;\n--wpforms-label-size-line-height: 19px;\n--wpforms-label-size-sublabel-font-size: 14px;\n--wpforms-label-size-sublabel-line-height: 17px;\n--wpforms-button-size-font-size: 17px;\n--wpforms-button-size-height: 41px;\n--wpforms-button-size-padding-h: 15px;\n--wpforms-button-size-margin-top: 10px;\n--wpforms-container-shadow-size-box-shadow: none;\n\n\t\t\t\t}\n\t\t\t<\/style><style id=\"wpforms-css-vars-elementor-widget-2764e0a\">\n\t\t\t\t.elementor-widget-wpforms.elementor-element-2764e0a {\n\t\t\t\t\t--wpforms-field-size-input-height: 43px;\n--wpforms-field-size-input-spacing: 15px;\n--wpforms-field-size-font-size: 16px;\n--wpforms-field-size-line-height: 19px;\n--wpforms-field-size-padding-h: 14px;\n--wpforms-field-size-checkbox-size: 16px;\n--wpforms-field-size-sublabel-spacing: 5px;\n--wpforms-field-size-icon-size: 1;\n--wpforms-label-size-font-size: 16px;\n--wpforms-label-size-line-height: 19px;\n--wpforms-label-size-sublabel-font-size: 14px;\n--wpforms-label-size-sublabel-line-height: 17px;\n--wpforms-button-size-font-size: 17px;\n--wpforms-button-size-height: 41px;\n--wpforms-button-size-padding-h: 15px;\n--wpforms-button-size-margin-top: 10px;\n\n\t\t\t\t}\n\t\t\t<\/style><div class=\"wpforms-container wpforms-container-full wpforms-render-modern\" id=\"wpforms-62\"><form id=\"wpforms-form-62\" class=\"wpforms-validate wpforms-form wpforms-ajax-form\" data-formid=\"62\" method=\"post\" enctype=\"multipart\/form-data\" action=\"\/index.php?rest_route=%2Fwp%2Fv2%2Fpages%2F13\" data-token=\"8d4bbeec7b3521a189bc461676fd9aab\" data-token-time=\"1777509347\"><noscript class=\"wpforms-error-noscript\">Chcete-li vyplnit tento formul\u00e1\u0159, pros\u00edm povolte v prohl\u00ed\u017ee\u010di JavaScript.<\/noscript><div class=\"wpforms-hidden\" id=\"wpforms-error-noscript\">Chcete-li vyplnit tento formul\u00e1\u0159, pros\u00edm povolte v prohl\u00ed\u017ee\u010di JavaScript.<\/div><div class=\"wpforms-field-container\"><div id=\"wpforms-62-field_1-container\" class=\"wpforms-field wpforms-field-name\" data-field-id=\"1\"><label class=\"wpforms-field-label\" for=\"wpforms-62-field_1\">Jm\u00e9no a p\u0159\u00edjmen\u00ed <span class=\"wpforms-required-label\" aria-hidden=\"true\">*<\/span><\/label><input type=\"text\" id=\"wpforms-62-field_1\" class=\"wpforms-field-medium wpforms-field-required\" name=\"wpforms[fields][1]\" aria-errormessage=\"wpforms-62-field_1-error\" required><\/div><div id=\"wpforms-62-field_2-container\" class=\"wpforms-field wpforms-field-email\" data-field-id=\"2\"><label class=\"wpforms-field-label\" for=\"wpforms-62-field_2\">E-mail <span class=\"wpforms-required-label\" aria-hidden=\"true\">*<\/span><\/label><input type=\"email\" id=\"wpforms-62-field_2\" class=\"wpforms-field-medium wpforms-field-required\" name=\"wpforms[fields][2]\" spellcheck=\"false\" aria-errormessage=\"wpforms-62-field_2-error\" required><\/div><div id=\"wpforms-62-field_3-container\" class=\"wpforms-field wpforms-field-textarea\" data-field-id=\"3\"><label class=\"wpforms-field-label\" for=\"wpforms-62-field_3\">Koment\u00e1\u0159 nebo zpr\u00e1va<\/label><textarea id=\"wpforms-62-field_3\" class=\"wpforms-field-medium\" name=\"wpforms[fields][3]\" aria-errormessage=\"wpforms-62-field_3-error\" ><\/textarea><\/div><\/div><!-- .wpforms-field-container --><div class=\"wpforms-recaptcha-container wpforms-is-recaptcha wpforms-is-recaptcha-type-v2\" ><div class=\"g-recaptcha\" data-sitekey=\"6LcL25sqAAAAAFVUyYGIGQ-CGpnMEvxCLbK94na3\"><\/div><input type=\"text\" name=\"g-recaptcha-hidden\" class=\"wpforms-recaptcha-hidden\" style=\"position:absolute!important;clip:rect(0,0,0,0)!important;height:1px!important;width:1px!important;border:0!important;overflow:hidden!important;padding:0!important;margin:0!important;\" data-rule-recaptcha=\"1\"><\/div><div class=\"wpforms-submit-container\" ><input type=\"hidden\" name=\"wpforms[id]\" value=\"62\"><input type=\"hidden\" name=\"page_title\" value=\"\"><input type=\"hidden\" name=\"page_url\" value=\"https:\/\/infozakon.cz\/index.php?rest_route=%2Fwp%2Fv2%2Fpages%2F13\"><button type=\"submit\" name=\"wpforms[submit]\" id=\"wpforms-submit-62\" class=\"wpforms-submit\" data-alt-text=\"Odes\u00edl\u00e1ni...\" data-submit-text=\"Odeslat\" aria-live=\"assertive\" value=\"wpforms-submit\">Odeslat<\/button><img loading=\"lazy\" decoding=\"async\" src=\"https:\/\/infozakon.cz\/wp-content\/plugins\/wpforms-lite\/assets\/images\/submit-spin.svg\" class=\"wpforms-submit-spinner\" style=\"display: none;\" width=\"26\" height=\"26\" alt=\"Na\u010d\u00edt\u00e1n\u00ed\"><\/div><\/form><\/div>  <!-- .wpforms-container -->\t\t\t\t<\/div>\n\t\t\t\t<\/div>\n\t\t\t\t\t<\/div>\n\t\t\t\t<\/div>\n\t\t\t\t<\/div>\n\t\t","protected":false},"excerpt":{"rendered":"<p>Na\u0161e praxe v oblasti pr\u00e1va na informace a pr\u00e1vn\u00ed vzd\u011bl\u00e1n\u00ed je z\u00e1rukou, \u017ee lze nal\u00e9zt\u00a0 \u0159e\u0161en\u00ed\u00a0 pro ka\u017ed\u00e9ho \u017eadatele o informace v re\u017eimu z\u00e1kona \u010d. 106\/1999\u00a0 Sb. Praxe vypl\u00fdvaj\u00edc\u00ed ze zastupov\u00e1n\u00ed v soudn\u00edch sporech v oblasti pr\u00e1va na informace\u00a0 a v t\u00e9to n\u00e1vaznosti i v soudn\u00edch \u0159\u00edzen\u00edch o nemajetkovou \u00fajmu, n\u00e1m\u00a0 rovn\u011b\u017e\u00a0 umo\u017e\u0148uje podat pomocnou [&hellip;]<\/p>\n","protected":false},"author":1,"featured_media":0,"parent":0,"menu_order":0,"comment_status":"closed","ping_status":"closed","template":"","meta":{"om_disable_all_campaigns":false,"_monsterinsights_skip_tracking":false,"_monsterinsights_sitenote_active":false,"_monsterinsights_sitenote_note":"","_monsterinsights_sitenote_category":0,"footnotes":""},"class_list":["post-13","page","type-page","status-publish","hentry","entry"],"aioseo_notices":[],"_links":{"self":[{"href":"https:\/\/infozakon.cz\/index.php?rest_route=\/wp\/v2\/pages\/13","targetHints":{"allow":["GET"]}}],"collection":[{"href":"https:\/\/infozakon.cz\/index.php?rest_route=\/wp\/v2\/pages"}],"about":[{"href":"https:\/\/infozakon.cz\/index.php?rest_route=\/wp\/v2\/types\/page"}],"author":[{"embeddable":true,"href":"https:\/\/infozakon.cz\/index.php?rest_route=\/wp\/v2\/users\/1"}],"replies":[{"embeddable":true,"href":"https:\/\/infozakon.cz\/index.php?rest_route=%2Fwp%2Fv2%2Fcomments&post=13"}],"version-history":[{"count":55,"href":"https:\/\/infozakon.cz\/index.php?rest_route=\/wp\/v2\/pages\/13\/revisions"}],"predecessor-version":[{"id":194,"href":"https:\/\/infozakon.cz\/index.php?rest_route=\/wp\/v2\/pages\/13\/revisions\/194"}],"wp:attachment":[{"href":"https:\/\/infozakon.cz\/index.php?rest_route=%2Fwp%2Fv2%2Fmedia&parent=13"}],"curies":[{"name":"wp","href":"https:\/\/api.w.org\/{rel}","templated":true}]}}